{"id":57,"date":"2025-06-28T10:06:00","date_gmt":"2025-06-28T07:06:00","guid":{"rendered":"https:\/\/muijakunnossa.fi\/?page_id=57"},"modified":"2025-11-28T08:58:14","modified_gmt":"2025-11-28T06:58:14","slug":"etusivu","status":"publish","type":"page","link":"https:\/\/muijakunnossa.fi\/","title":{"rendered":"Etusivu"},"content":{"rendered":"\t\t<div data-elementor-type=\"wp-page\" data-elementor-id=\"57\" class=\"elementor elementor-57\">\n\t\t\t\t<div class=\"elementor-element elementor-element-6612ec1 e-con-full e-flex e-con e-parent\" data-id=\"6612ec1\" data-element_type=\"container\" data-e-type=\"container\" data-settings=\"{&quot;background_background&quot;:&quot;classic&quot;}\">\n\t\t\t\t<div class=\"elementor-element elementor-element-17de885 elementor-widget elementor-widget-heading\" data-id=\"17de885\" data-element_type=\"widget\" data-e-type=\"widget\" data-widget_type=\"heading.default\">\n\t\t\t\t<div class=\"elementor-widget-container\">\n\t\t\t\t\t<h1 class=\"elementor-heading-title elementor-size-default\">Tervetuloa muijakunnossa.fi -sivustolle!\n<\/h1>\t\t\t\t<\/div>\n\t\t\t\t<\/div>\n\t\t\t\t<div class=\"elementor-element elementor-element-365414d elementor-widget elementor-widget-heading\" data-id=\"365414d\" data-element_type=\"widget\" data-e-type=\"widget\" data-widget_type=\"heading.default\">\n\t\t\t\t<div class=\"elementor-widget-container\">\n\t\t\t\t\t<h3 class=\"elementor-heading-title elementor-size-default\">T\u00e4lt\u00e4 sivustolta l\u00f6yd\u00e4t netin mielenkiintoisimmat blogiartikkelit monenlaiseen kuntoiluun ja liikuntaan liittyen sek\u00e4 runsaasti erilaisia tuotevertailuja ja -artikkeleja! \ud83d\ude42 <\/h3>\t\t\t\t<\/div>\n\t\t\t\t<\/div>\n\t\t\t\t<\/div>\n\t\t<div class=\"elementor-element elementor-element-1eb9f05 e-flex e-con-boxed e-con e-parent\" data-id=\"1eb9f05\" data-element_type=\"container\" data-e-type=\"container\">\n\t\t\t\t\t<div class=\"e-con-inner\">\n\t\t\t\t<div class=\"elementor-element elementor-element-35402d3 elementor-widget elementor-widget-heading\" data-id=\"35402d3\" data-element_type=\"widget\" data-e-type=\"widget\" data-widget_type=\"heading.default\">\n\t\t\t\t<div class=\"elementor-widget-container\">\n\t\t\t\t\t<h2 class=\"elementor-heading-title elementor-size-default\">Suosituimmat artikkelit ja vertailut:<\/h2>\t\t\t\t<\/div>\n\t\t\t\t<\/div>\n\t\t\t\t\t<\/div>\n\t\t\t\t<\/div>\n\t\t<div class=\"elementor-element elementor-element-f28e92c e-flex e-con-boxed e-con e-parent\" data-id=\"f28e92c\" data-element_type=\"container\" data-e-type=\"container\">\n\t\t\t\t\t<div class=\"e-con-inner\">\n\t\t<div class=\"elementor-element elementor-element-4080547 e-con-full e-flex e-con e-child\" data-id=\"4080547\" data-element_type=\"container\" data-e-type=\"container\">\n\t\t\t\t<div class=\"elementor-element elementor-element-4d304ae elementor-widget elementor-widget-heading\" data-id=\"4d304ae\" data-element_type=\"widget\" data-e-type=\"widget\" data-widget_type=\"heading.default\">\n\t\t\t\t<div class=\"elementor-widget-container\">\n\t\t\t\t\t<h4 class=\"elementor-heading-title elementor-size-default\"><a href=\"https:\/\/muijakunnossa.fi\/index.php\/2025\/10\/18\/kaksi-erilaista-koko-kehon-treenia-loydat-taalta\/\">Kaksi erilaista koko kehon treeni\u00e4 l\u00f6yd\u00e4t t\u00e4\u00e4lt\u00e4!<\/a><\/h4>\t\t\t\t<\/div>\n\t\t\t\t<\/div>\n\t\t\t\t<\/div>\n\t\t<div class=\"elementor-element elementor-element-b486e40 e-con-full e-flex e-con e-child\" data-id=\"b486e40\" data-element_type=\"container\" data-e-type=\"container\">\n\t\t\t\t<div class=\"elementor-element elementor-element-c16ac53 elementor-widget elementor-widget-heading\" data-id=\"c16ac53\" data-element_type=\"widget\" data-e-type=\"widget\" data-widget_type=\"heading.default\">\n\t\t\t\t<div class=\"elementor-widget-container\">\n\t\t\t\t\t<h4 class=\"elementor-heading-title elementor-size-default\"><a href=\"https:\/\/muijakunnossa.fi\/index.php\/2025\/11\/25\/vertailussa-sisatyolaisen-kavelymatot\/\">Vertailussa sis\u00e4ty\u00f6l\u00e4isen k\u00e4velymatot<\/a><\/h4>\t\t\t\t<\/div>\n\t\t\t\t<\/div>\n\t\t\t\t<\/div>\n\t\t<div class=\"elementor-element elementor-element-0d43044 e-con-full e-flex e-con e-child\" data-id=\"0d43044\" data-element_type=\"container\" data-e-type=\"container\">\n\t\t\t\t<div class=\"elementor-element elementor-element-d40ea09 elementor-widget elementor-widget-heading\" data-id=\"d40ea09\" data-element_type=\"widget\" data-e-type=\"widget\" data-widget_type=\"heading.default\">\n\t\t\t\t<div class=\"elementor-widget-container\">\n\t\t\t\t\t<h4 class=\"elementor-heading-title elementor-size-default\"><a href=\"https:\/\/muijakunnossa.fi\/index.php\/2025\/11\/05\/uupumuksesta-lempeasti-takaisin-valoon\/\">Uupumuksesta lempe\u00e4sti takaisin valoon: ohjelma uupuneelle<\/a><\/h4>\t\t\t\t<\/div>\n\t\t\t\t<\/div>\n\t\t\t\t<\/div>\n\t\t\t\t\t<\/div>\n\t\t\t\t<\/div>\n\t\t<div class=\"elementor-element elementor-element-cff5e7a e-flex e-con-boxed e-con e-parent\" data-id=\"cff5e7a\" data-element_type=\"container\" data-e-type=\"container\">\n\t\t\t\t\t<div class=\"e-con-inner\">\n\t\t<div class=\"elementor-element elementor-element-054be38 e-con-full e-flex e-con e-child\" data-id=\"054be38\" data-element_type=\"container\" data-e-type=\"container\">\n\t\t\t\t<div class=\"elementor-element elementor-element-ab2a3f6 elementor-widget elementor-widget-image\" data-id=\"ab2a3f6\" data-element_type=\"widget\" data-e-type=\"widget\" data-widget_type=\"image.default\">\n\t\t\t\t<div class=\"elementor-widget-container\">\n\t\t\t\t\t\t\t\t\t\t\t\t\t\t\t<img fetchpriority=\"high\" decoding=\"async\" width=\"640\" height=\"427\" src=\"https:\/\/muijakunnossa.fi\/wp-content\/uploads\/2025\/07\/crossfit-534615_640.jpg\" class=\"attachment-large size-large wp-image-121\" alt=\"\" srcset=\"https:\/\/muijakunnossa.fi\/wp-content\/uploads\/2025\/07\/crossfit-534615_640.jpg 640w, https:\/\/muijakunnossa.fi\/wp-content\/uploads\/2025\/07\/crossfit-534615_640-300x200.jpg 300w\" sizes=\"(max-width: 640px) 100vw, 640px\" \/>\t\t\t\t\t\t\t\t\t\t\t\t\t\t\t<\/div>\n\t\t\t\t<\/div>\n\t\t\t\t<\/div>\n\t\t<div class=\"elementor-element elementor-element-4f5066c e-con-full e-flex e-con e-child\" data-id=\"4f5066c\" data-element_type=\"container\" data-e-type=\"container\">\n\t\t\t\t<div class=\"elementor-element elementor-element-fd326d1 elementor-widget elementor-widget-text-editor\" data-id=\"fd326d1\" data-element_type=\"widget\" data-e-type=\"widget\" data-widget_type=\"text-editor.default\">\n\t\t\t\t<div class=\"elementor-widget-container\">\n\t\t\t\t\t\t\t\t\t<p>\u00a0<\/p><p>Vaikka sivusto perustuukin kaupalliseen yhteisty\u00f6h\u00f6n, harkitsethan jokaista ostostasi tarkkaan ymp\u00e4rist\u00f6\u00e4 kunnioittaen ja turhaa kulutusta v\u00e4ltt\u00e4en!\u00a0<\/p>\t\t\t\t\t\t\t\t<\/div>\n\t\t\t\t<\/div>\n\t\t\t\t<\/div>\n\t\t\t\t\t<\/div>\n\t\t\t\t<\/div>\n\t\t<div class=\"elementor-element elementor-element-2f3e231 e-flex e-con-boxed e-con e-parent\" data-id=\"2f3e231\" data-element_type=\"container\" data-e-type=\"container\">\n\t\t\t\t\t<div class=\"e-con-inner\">\n\t\t\t\t<div class=\"elementor-element elementor-element-7c1aa23 elementor-widget__width-initial elementor-widget elementor-widget-image\" data-id=\"7c1aa23\" data-element_type=\"widget\" data-e-type=\"widget\" data-widget_type=\"image.default\">\n\t\t\t\t<div class=\"elementor-widget-container\">\n\t\t\t\t\t\t\t\t\t\t\t\t<figure class=\"wp-caption\">\n\t\t\t\t\t\t\t\t\t\t\t<a href=\"\/muijasuosittelee\/luontaistukku\" target=\"_blank\">\n\t\t\t\t\t\t\t<img decoding=\"async\" width=\"980\" height=\"120\" src=\"https:\/\/muijakunnossa.fi\/wp-content\/uploads\/2025\/10\/luontaistukku.png\" class=\"attachment-large size-large wp-image-318\" alt=\"\" srcset=\"https:\/\/muijakunnossa.fi\/wp-content\/uploads\/2025\/10\/luontaistukku.png 980w, https:\/\/muijakunnossa.fi\/wp-content\/uploads\/2025\/10\/luontaistukku-300x37.png 300w, https:\/\/muijakunnossa.fi\/wp-content\/uploads\/2025\/10\/luontaistukku-768x94.png 768w\" sizes=\"(max-width: 980px) 100vw, 980px\" \/>\t\t\t\t\t\t\t\t<\/a>\n\t\t\t\t\t\t\t\t\t\t\t<figcaption class=\"widget-image-caption wp-caption-text\">Mainos Luontaistukku.fi kanssa! Laadukkaat lis\u00e4ravinteet l\u00f6yd\u00e4t t\u00e4\u00e4lt\u00e4.<\/figcaption>\n\t\t\t\t\t\t\t\t\t\t<\/figure>\n\t\t\t\t\t\t\t\t\t<\/div>\n\t\t\t\t<\/div>\n\t\t\t\t\t<\/div>\n\t\t\t\t<\/div>\n\t\t\t\t<\/div>\n\t\t","protected":false},"excerpt":{"rendered":"<p>Tervetuloa muijakunnossa.fi -sivustolle! T\u00e4lt\u00e4 sivustolta l\u00f6yd\u00e4t netin mielenkiintoisimmat blogiartikkelit monenlaiseen kuntoiluun ja liikuntaan liittyen sek\u00e4 runsaasti erilaisia tuotevertailuja ja -artikkeleja! [&hellip;]<\/p>\n","protected":false},"author":1,"featured_media":0,"parent":0,"menu_order":0,"comment_status":"closed","ping_status":"closed","template":"","meta":{"_seopress_robots_primary_cat":"","_seopress_titles_title":"","_seopress_titles_desc":"","_seopress_robots_index":"","site-sidebar-layout":"no-sidebar","site-content-layout":"","ast-site-content-layout":"full-width-container","site-content-style":"default","site-sidebar-style":"default","ast-global-header-display":"","ast-banner-title-visibility":"","ast-main-header-display":"","ast-hfb-above-header-display":"","ast-hfb-below-header-display":"","ast-hfb-mobile-header-display":"","site-post-title":"disabled","ast-breadcrumbs-content":"","ast-featured-img":"disabled","footer-sml-layout":"","theme-transparent-header-meta":"","adv-header-id-meta":"","stick-header-meta":"","header-above-stick-meta":"","header-main-stick-meta":"","header-below-stick-meta":"","astra-migrate-meta-layouts":"default","ast-page-background-enabled":"default","ast-page-background-meta":{"desktop":{"background-color":"var(--ast-global-color-5)","background-image":"","background-repeat":"repeat","background-position":"center center","background-size":"auto","background-attachment":"scroll","background-type":"","background-media":"","overlay-type":"","overlay-color":"","overlay-opacity":"","overlay-gradient":""},"tablet":{"background-color":"","background-image":"","background-repeat":"repeat","background-position":"center center","background-size":"auto","background-attachment":"scroll","background-type":"","background-media":"","overlay-type":"","overlay-color":"","overlay-opacity":"","overlay-gradient":""},"mobile":{"background-color":"","background-image":"","background-repeat":"repeat","background-position":"center center","background-size":"auto","background-attachment":"scroll","background-type":"","background-media":"","overlay-type":"","overlay-color":"","overlay-opacity":"","overlay-gradient":""}},"ast-content-background-meta":{"desktop":{"background-color":"var(--ast-global-color-4)","background-image":"","background-repeat":"repeat","background-position":"center center","background-size":"auto","background-attachment":"scroll","background-type":"","background-media":"","overlay-type":"","overlay-color":"","overlay-opacity":"","overlay-gradient":""},"tablet":{"background-color":"var(--ast-global-color-4)","background-image":"","background-repeat":"repeat","background-position":"center center","background-size":"auto","background-attachment":"scroll","background-type":"","background-media":"","overlay-type":"","overlay-color":"","overlay-opacity":"","overlay-gradient":""},"mobile":{"background-color":"var(--ast-global-color-4)","background-image":"","background-repeat":"repeat","background-position":"center center","background-size":"auto","background-attachment":"scroll","background-type":"","background-media":"","overlay-type":"","overlay-color":"","overlay-opacity":"","overlay-gradient":""}},"footnotes":""},"class_list":["post-57","page","type-page","status-publish","hentry"],"_links":{"self":[{"href":"https:\/\/muijakunnossa.fi\/index.php\/wp-json\/wp\/v2\/pages\/57","targetHints":{"allow":["GET"]}}],"collection":[{"href":"https:\/\/muijakunnossa.fi\/index.php\/wp-json\/wp\/v2\/pages"}],"about":[{"href":"https:\/\/muijakunnossa.fi\/index.php\/wp-json\/wp\/v2\/types\/page"}],"author":[{"embeddable":true,"href":"https:\/\/muijakunnossa.fi\/index.php\/wp-json\/wp\/v2\/users\/1"}],"replies":[{"embeddable":true,"href":"https:\/\/muijakunnossa.fi\/index.php\/wp-json\/wp\/v2\/comments?post=57"}],"version-history":[{"count":70,"href":"https:\/\/muijakunnossa.fi\/index.php\/wp-json\/wp\/v2\/pages\/57\/revisions"}],"predecessor-version":[{"id":425,"href":"https:\/\/muijakunnossa.fi\/index.php\/wp-json\/wp\/v2\/pages\/57\/revisions\/425"}],"wp:attachment":[{"href":"https:\/\/muijakunnossa.fi\/index.php\/wp-json\/wp\/v2\/media?parent=57"}],"curies":[{"name":"wp","href":"https:\/\/api.w.org\/{rel}","templated":true}]}}